{"id":222,"date":"2023-12-20T05:46:44","date_gmt":"2023-12-20T05:46:44","guid":{"rendered":"https:\/\/experienciascle.com\/?page_id=222"},"modified":"2024-12-09T18:33:36","modified_gmt":"2024-12-09T18:33:36","slug":"blog","status":"publish","type":"page","link":"https:\/\/experienciascle.com\/index.php\/blog\/","title":{"rendered":"Blog"},"content":{"rendered":"\t\t<div data-elementor-type=\"wp-page\" data-elementor-id=\"222\" class=\"elementor elementor-222\" data-elementor-post-type=\"page\">\n\t\t\t\t<div class=\"elementor-element elementor-element-b3e5c0c e-flex e-con-boxed e-con e-parent\" data-id=\"b3e5c0c\" data-element_type=\"container\">\n\t\t\t\t\t<div class=\"e-con-inner\">\n\t\t\t\t<div class=\"elementor-element elementor-element-a11fb8e elementor-widget elementor-widget-spacer\" data-id=\"a11fb8e\" data-element_type=\"widget\" data-widget_type=\"spacer.default\">\n\t\t\t\t<div class=\"elementor-widget-container\">\n\t\t\t\t\t\t\t<div class=\"elementor-spacer\">\n\t\t\t<div class=\"elementor-spacer-inner\"><\/div>\n\t\t<\/div>\n\t\t\t\t\t\t<\/div>\n\t\t\t\t<\/div>\n\t\t\t\t<div class=\"elementor-element elementor-element-2dcb539 elementor-widget elementor-widget-spacer\" data-id=\"2dcb539\" data-element_type=\"widget\" data-widget_type=\"spacer.default\">\n\t\t\t\t<div class=\"elementor-widget-container\">\n\t\t\t\t\t\t\t<div class=\"elementor-spacer\">\n\t\t\t<div class=\"elementor-spacer-inner\"><\/div>\n\t\t<\/div>\n\t\t\t\t\t\t<\/div>\n\t\t\t\t<\/div>\n\t\t\t\t<div class=\"elementor-element elementor-element-fd3e2dd elementor-widget elementor-widget-heading\" data-id=\"fd3e2dd\" data-element_type=\"widget\" data-widget_type=\"heading.default\">\n\t\t\t\t<div class=\"elementor-widget-container\">\n\t\t\t\t\t<h1 class=\"elementor-heading-title elementor-size-default\">Experiencias CLe:<br>Tu Atelier para Vivir, Sentir y Disfrutar<\/h1>\t\t\t\t<\/div>\n\t\t\t\t<\/div>\n\t\t\t\t<div class=\"elementor-element elementor-element-3cc654c elementor-widget-divider--view-line elementor-widget elementor-widget-divider\" data-id=\"3cc654c\" data-element_type=\"widget\" data-widget_type=\"divider.default\">\n\t\t\t\t<div class=\"elementor-widget-container\">\n\t\t\t\t\t\t\t<div class=\"elementor-divider\">\n\t\t\t<span class=\"elementor-divider-separator\">\n\t\t\t\t\t\t<\/span>\n\t\t<\/div>\n\t\t\t\t\t\t<\/div>\n\t\t\t\t<\/div>\n\t\t\t\t<div class=\"elementor-element elementor-element-6dbbdb5 elementor-widget elementor-widget-spacer\" data-id=\"6dbbdb5\" data-element_type=\"widget\" data-widget_type=\"spacer.default\">\n\t\t\t\t<div class=\"elementor-widget-container\">\n\t\t\t\t\t\t\t<div class=\"elementor-spacer\">\n\t\t\t<div class=\"elementor-spacer-inner\"><\/div>\n\t\t<\/div>\n\t\t\t\t\t\t<\/div>\n\t\t\t\t<\/div>\n\t\t<div class=\"elementor-element elementor-element-9385720 e-con-full e-flex e-con e-child\" data-id=\"9385720\" data-element_type=\"container\">\n\t\t\t\t<div class=\"elementor-element elementor-element-740e281 elementor-grid-3 elementor-grid-tablet-2 elementor-grid-mobile-1 elementor-posts--thumbnail-top elementor-widget elementor-widget-posts\" data-id=\"740e281\" data-element_type=\"widget\" data-settings=\"{&quot;classic_columns&quot;:&quot;3&quot;,&quot;classic_columns_tablet&quot;:&quot;2&quot;,&quot;classic_columns_mobile&quot;:&quot;1&quot;,&quot;classic_row_gap&quot;:{&quot;unit&quot;:&quot;px&quot;,&quot;size&quot;:35,&quot;sizes&quot;:[]},&quot;classic_row_gap_tablet&quot;:{&quot;unit&quot;:&quot;px&quot;,&quot;size&quot;:&quot;&quot;,&quot;sizes&quot;:[]},&quot;classic_row_gap_mobile&quot;:{&quot;unit&quot;:&quot;px&quot;,&quot;size&quot;:&quot;&quot;,&quot;sizes&quot;:[]}}\" data-widget_type=\"posts.classic\">\n\t\t\t\t<div class=\"elementor-widget-container\">\n\t\t\t\t\t\t\t<div class=\"elementor-posts-container elementor-posts elementor-posts--skin-classic elementor-grid\" role=\"list\">\n\t\t\t\t<article class=\"elementor-post elementor-grid-item post-594 post type-post status-publish format-standard has-post-thumbnail hentry category-blog tag-concierge tag-estilo-de-vida-en-madrid tag-expatriados tag-reinvencion-profesional\" role=\"listitem\">\n\t\t\t\t<a class=\"elementor-post__thumbnail__link\" href=\"https:\/\/experienciascle.com\/index.php\/2026\/04\/23\/reinventarse-profesionalmente-madrid\/\" tabindex=\"-1\" >\n\t\t\t<div class=\"elementor-post__thumbnail\"><img fetchpriority=\"high\" decoding=\"async\" width=\"300\" height=\"200\" src=\"https:\/\/experienciascle.com\/wp-content\/uploads\/2026\/04\/MCC_2385-Edit-300x200.jpg\" class=\"attachment-medium size-medium wp-image-595\" alt=\"\" srcset=\"https:\/\/experienciascle.com\/wp-content\/uploads\/2026\/04\/MCC_2385-Edit-300x200.jpg 300w, https:\/\/experienciascle.com\/wp-content\/uploads\/2026\/04\/MCC_2385-Edit-1024x684.jpg 1024w, https:\/\/experienciascle.com\/wp-content\/uploads\/2026\/04\/MCC_2385-Edit-768x513.jpg 768w, https:\/\/experienciascle.com\/wp-content\/uploads\/2026\/04\/MCC_2385-Edit-1536x1025.jpg 1536w, https:\/\/experienciascle.com\/wp-content\/uploads\/2026\/04\/MCC_2385-Edit-2048x1367.jpg 2048w\" sizes=\"(max-width: 300px) 100vw, 300px\" \/><\/div>\n\t\t<\/a>\n\t\t\t\t<div class=\"elementor-post__text\">\n\t\t\t\t<h3 class=\"elementor-post__title\">\n\t\t\t<a href=\"https:\/\/experienciascle.com\/index.php\/2026\/04\/23\/reinventarse-profesionalmente-madrid\/\" >\n\t\t\t\tEl poder de reinventarse profesionalmente en Madrid&#8230; cuando no sabes por d\u00f3nde empezar\t\t\t<\/a>\n\t\t<\/h3>\n\t\t\t\t<div class=\"elementor-post__excerpt\">\n\t\t\t<p>Reinventarse no siempre es f\u00e1cil.Pero muchas veces, es inevitable. Aunque la palabra&nbsp;reinventarse&nbsp;puede sonar repetida \u2014incluso vac\u00eda de tanto escucharla\u2014, hay momentos en la vida en los que no existe otra forma m\u00e1s precisa de nombrar lo que est\u00e1 pasando. Porque reinventarse, de verdad, no es una tendencia.Es un proceso inc\u00f3modo.Silencioso.Y muchas veces, solitario. Reinventarse al<\/p>\n\t\t<\/div>\n\t\t\n\t\t<a class=\"elementor-post__read-more\" href=\"https:\/\/experienciascle.com\/index.php\/2026\/04\/23\/reinventarse-profesionalmente-madrid\/\" aria-label=\"Read more about El poder de reinventarse profesionalmente en Madrid&#8230; cuando no sabes por d\u00f3nde empezar\" tabindex=\"-1\" >\n\t\t\tLeer m\u00e1s &gt;\t\t<\/a>\n\n\t\t\t\t<\/div>\n\t\t\t\t<\/article>\n\t\t\t\t<article class=\"elementor-post elementor-grid-item post-584 post type-post status-publish format-standard has-post-thumbnail hentry category-blog tag-cle tag-diciembre-madrid tag-experiencias tag-madrid tag-navidad tag-navidad-en-madrid\" role=\"listitem\">\n\t\t\t\t<a class=\"elementor-post__thumbnail__link\" href=\"https:\/\/experienciascle.com\/index.php\/2025\/11\/20\/navidad-en-madrid-planes-con-encanto\/\" tabindex=\"-1\" >\n\t\t\t<div class=\"elementor-post__thumbnail\"><img decoding=\"async\" width=\"300\" height=\"225\" src=\"https:\/\/experienciascle.com\/wp-content\/uploads\/2025\/11\/IMG_2803-300x225.jpg\" class=\"attachment-medium size-medium wp-image-586\" alt=\"\" srcset=\"https:\/\/experienciascle.com\/wp-content\/uploads\/2025\/11\/IMG_2803-300x225.jpg 300w, https:\/\/experienciascle.com\/wp-content\/uploads\/2025\/11\/IMG_2803-1024x768.jpg 1024w, https:\/\/experienciascle.com\/wp-content\/uploads\/2025\/11\/IMG_2803-768x576.jpg 768w, https:\/\/experienciascle.com\/wp-content\/uploads\/2025\/11\/IMG_2803-1536x1152.jpg 1536w, https:\/\/experienciascle.com\/wp-content\/uploads\/2025\/11\/IMG_2803-2048x1536.jpg 2048w\" sizes=\"(max-width: 300px) 100vw, 300px\" \/><\/div>\n\t\t<\/a>\n\t\t\t\t<div class=\"elementor-post__text\">\n\t\t\t\t<h3 class=\"elementor-post__title\">\n\t\t\t<a href=\"https:\/\/experienciascle.com\/index.php\/2025\/11\/20\/navidad-en-madrid-planes-con-encanto\/\" >\n\t\t\t\tMadrid se ilumina: planes para disfrutar la Navidad con el encanto de siempre\t\t\t<\/a>\n\t\t<\/h3>\n\t\t\t\t<div class=\"elementor-post__excerpt\">\n\t\t\t<p>Hay algo especial en Madrid cuando llega diciembre. Las luces, los aromas, la m\u00fasica en las calles\u2026 Todo parece brillar con un ritmo m\u00e1s pausado, m\u00e1s cercano. La ciudad se viste de celebraci\u00f3n y cada rinc\u00f3n invita a disfrutarla de una forma distinta. En CLE, nos encanta esta \u00e9poca. No solo por las tradiciones, sino<\/p>\n\t\t<\/div>\n\t\t\n\t\t<a class=\"elementor-post__read-more\" href=\"https:\/\/experienciascle.com\/index.php\/2025\/11\/20\/navidad-en-madrid-planes-con-encanto\/\" aria-label=\"Read more about Madrid se ilumina: planes para disfrutar la Navidad con el encanto de siempre\" tabindex=\"-1\" >\n\t\t\tLeer m\u00e1s &gt;\t\t<\/a>\n\n\t\t\t\t<\/div>\n\t\t\t\t<\/article>\n\t\t\t\t<article class=\"elementor-post elementor-grid-item post-572 post type-post status-publish format-standard has-post-thumbnail hentry category-blog tag-comer-en-madrid tag-donde-comen-los-locales-en-madrid tag-mejores-restaurantes-de-madrid tag-restaurantes-locales-en-madrid\" role=\"listitem\">\n\t\t\t\t<a class=\"elementor-post__thumbnail__link\" href=\"https:\/\/experienciascle.com\/index.php\/2025\/11\/13\/donde-comen-los-locales-en-madrid\/\" tabindex=\"-1\" >\n\t\t\t<div class=\"elementor-post__thumbnail\"><img decoding=\"async\" width=\"225\" height=\"300\" src=\"https:\/\/experienciascle.com\/wp-content\/uploads\/2025\/11\/c761506c-bad2-4d29-aea5-916cb8de6298-225x300.jpg\" class=\"attachment-medium size-medium wp-image-573\" alt=\"\" srcset=\"https:\/\/experienciascle.com\/wp-content\/uploads\/2025\/11\/c761506c-bad2-4d29-aea5-916cb8de6298-225x300.jpg 225w, https:\/\/experienciascle.com\/wp-content\/uploads\/2025\/11\/c761506c-bad2-4d29-aea5-916cb8de6298-768x1024.jpg 768w, https:\/\/experienciascle.com\/wp-content\/uploads\/2025\/11\/c761506c-bad2-4d29-aea5-916cb8de6298-1152x1536.jpg 1152w, https:\/\/experienciascle.com\/wp-content\/uploads\/2025\/11\/c761506c-bad2-4d29-aea5-916cb8de6298-1536x2048.jpg 1536w, https:\/\/experienciascle.com\/wp-content\/uploads\/2025\/11\/c761506c-bad2-4d29-aea5-916cb8de6298-scaled.jpg 1920w\" sizes=\"(max-width: 225px) 100vw, 225px\" \/><\/div>\n\t\t<\/a>\n\t\t\t\t<div class=\"elementor-post__text\">\n\t\t\t\t<h3 class=\"elementor-post__title\">\n\t\t\t<a href=\"https:\/\/experienciascle.com\/index.php\/2025\/11\/13\/donde-comen-los-locales-en-madrid\/\" >\n\t\t\t\tD\u00f3nde comen los locales: nuestros restaurantes favoritos en Madrid\t\t\t<\/a>\n\t\t<\/h3>\n\t\t\t\t<div class=\"elementor-post__excerpt\">\n\t\t\t<p>Madrid est\u00e1 llena de lugares donde comer bien, pero hay una gran diferencia entre los restaurantes que salen en todas las gu\u00edas\u2026 y esos donde realmente van los madrile\u00f1os. En CLE nos encanta descubrir y compartir esos sitios que se sienten aut\u00e9nticos \u2014donde la comida es buena, el ambiente tiene alma, y el servicio te<\/p>\n\t\t<\/div>\n\t\t\n\t\t<a class=\"elementor-post__read-more\" href=\"https:\/\/experienciascle.com\/index.php\/2025\/11\/13\/donde-comen-los-locales-en-madrid\/\" aria-label=\"Read more about D\u00f3nde comen los locales: nuestros restaurantes favoritos en Madrid\" tabindex=\"-1\" >\n\t\t\tLeer m\u00e1s &gt;\t\t<\/a>\n\n\t\t\t\t<\/div>\n\t\t\t\t<\/article>\n\t\t\t\t<article class=\"elementor-post elementor-grid-item post-1 post type-post status-publish format-standard has-post-thumbnail hentry category-blog tag-cle tag-concierge tag-emprendimiento tag-experiencias tag-madrid tag-migrantes tag-sostenibilidad\" role=\"listitem\">\n\t\t\t\t<a class=\"elementor-post__thumbnail__link\" href=\"https:\/\/experienciascle.com\/index.php\/2023\/11\/15\/hello-world\/\" tabindex=\"-1\" >\n\t\t\t<div class=\"elementor-post__thumbnail\"><img loading=\"lazy\" decoding=\"async\" width=\"300\" height=\"200\" src=\"https:\/\/experienciascle.com\/wp-content\/uploads\/2023\/11\/CIMG_5822-R-300x200.jpg\" class=\"attachment-medium size-medium wp-image-487\" alt=\"\" srcset=\"https:\/\/experienciascle.com\/wp-content\/uploads\/2023\/11\/CIMG_5822-R-300x200.jpg 300w, https:\/\/experienciascle.com\/wp-content\/uploads\/2023\/11\/CIMG_5822-R-1024x683.jpg 1024w, https:\/\/experienciascle.com\/wp-content\/uploads\/2023\/11\/CIMG_5822-R-768x512.jpg 768w, https:\/\/experienciascle.com\/wp-content\/uploads\/2023\/11\/CIMG_5822-R-1536x1024.jpg 1536w, https:\/\/experienciascle.com\/wp-content\/uploads\/2023\/11\/CIMG_5822-R-2048x1365.jpg 2048w\" sizes=\"(max-width: 300px) 100vw, 300px\" \/><\/div>\n\t\t<\/a>\n\t\t\t\t<div class=\"elementor-post__text\">\n\t\t\t\t<h3 class=\"elementor-post__title\">\n\t\t\t<a href=\"https:\/\/experienciascle.com\/index.php\/2023\/11\/15\/hello-world\/\" >\n\t\t\t\tCatalina y Daniela, Experiencias CLE: \u00abLa sostenibilidad es clave en la planificaci\u00f3n de eventos\u00bb\t\t\t<\/a>\n\t\t<\/h3>\n\t\t\t\t<div class=\"elementor-post__excerpt\">\n\t\t\t<p>Entrevista Mujeres y C\u00eda: https:\/\/mujeresycia.com\/catalina-daniela-experiencias-cle-sostenibilidad\/ Catalina Restrepo y\u00a0Daniela Echavarr\u00eda\u00a0son las fundadoras de\u00a0Experiencias CLE,\u00a0\u00abuna empresa especializada en la creaci\u00f3n de experiencias \u00fanicas, que va m\u00e1s all\u00e1 de lo convencional\u00bb, seg\u00fan lo definen ellas mismas. Ambas llegaron desde Colombia a Espa\u00f1a para ampliar su campo profesional y crecer personalmente, pero no se imaginaban que algunos a\u00f1os m\u00e1s<\/p>\n\t\t<\/div>\n\t\t\n\t\t<a class=\"elementor-post__read-more\" href=\"https:\/\/experienciascle.com\/index.php\/2023\/11\/15\/hello-world\/\" aria-label=\"Read more about Catalina y Daniela, Experiencias CLE: \u00abLa sostenibilidad es clave en la planificaci\u00f3n de eventos\u00bb\" tabindex=\"-1\" >\n\t\t\tLeer m\u00e1s &gt;\t\t<\/a>\n\n\t\t\t\t<\/div>\n\t\t\t\t<\/article>\n\t\t\t\t<\/div>\n\t\t\n\t\t\t\t\t\t<\/div>\n\t\t\t\t<\/div>\n\t\t\t\t<div class=\"elementor-element elementor-element-7044d4c elementor-widget elementor-widget-spacer\" data-id=\"7044d4c\" data-element_type=\"widget\" data-widget_type=\"spacer.default\">\n\t\t\t\t<div class=\"elementor-widget-container\">\n\t\t\t\t\t\t\t<div class=\"elementor-spacer\">\n\t\t\t<div class=\"elementor-spacer-inner\"><\/div>\n\t\t<\/div>\n\t\t\t\t\t\t<\/div>\n\t\t\t\t<\/div>\n\t\t\t\t<\/div>\n\t\t\t\t\t<\/div>\n\t\t\t\t<\/div>\n\t\t\t\t<\/div>\n\t\t","protected":false},"excerpt":{"rendered":"<p>Experiencias CLe:Tu Atelier para Vivir, Sentir y Disfrutar<\/p>\n","protected":false},"author":1,"featured_media":0,"parent":0,"menu_order":0,"comment_status":"closed","ping_status":"closed","template":"elementor_header_footer","meta":{"site-sidebar-layout":"no-sidebar","site-content-layout":"","ast-site-content-layout":"full-width-container","site-content-style":"default","site-sidebar-style":"default","ast-global-header-display":"","ast-banner-title-visibility":"","ast-main-header-display":"","ast-hfb-above-header-display":"","ast-hfb-below-header-display":"","ast-hfb-mobile-header-display":"","site-post-title":"disabled","ast-breadcrumbs-content":"","ast-featured-img":"disabled","footer-sml-layout":"","theme-transparent-header-meta":"","adv-header-id-meta":"","stick-header-meta":"","header-above-stick-meta":"","header-main-stick-meta":"","header-below-stick-meta":"","astra-migrate-meta-layouts":"default","ast-page-background-enabled":"default","ast-page-background-meta":{"desktop":{"background-color":"var(--ast-global-color-4)","background-image":"","background-repeat":"repeat","background-position":"center center","background-size":"auto","background-attachment":"scroll","background-type":"","background-media":"","overlay-type":"","overlay-color":"","overlay-opacity":"","overlay-gradient":""},"tablet":{"background-color":"","background-image":"","background-repeat":"repeat","background-position":"center center","background-size":"auto","background-attachment":"scroll","background-type":"","background-media":"","overlay-type":"","overlay-color":"","overlay-opacity":"","overlay-gradient":""},"mobile":{"background-color":"","background-image":"","background-repeat":"repeat","background-position":"center center","background-size":"auto","background-attachment":"scroll","background-type":"","background-media":"","overlay-type":"","overlay-color":"","overlay-opacity":"","overlay-gradient":""}},"ast-content-background-meta":{"desktop":{"background-color":"var(--ast-global-color-5)","background-image":"","background-repeat":"repeat","background-position":"center center","background-size":"auto","background-attachment":"scroll","background-type":"","background-media":"","overlay-type":"","overlay-color":"","overlay-opacity":"","overlay-gradient":""},"tablet":{"background-color":"var(--ast-global-color-5)","background-image":"","background-repeat":"repeat","background-position":"center center","background-size":"auto","background-attachment":"scroll","background-type":"","background-media":"","overlay-type":"","overlay-color":"","overlay-opacity":"","overlay-gradient":""},"mobile":{"background-color":"var(--ast-global-color-5)","background-image":"","background-repeat":"repeat","background-position":"center center","background-size":"auto","background-attachment":"scroll","background-type":"","background-media":"","overlay-type":"","overlay-color":"","overlay-opacity":"","overlay-gradient":""}},"footnotes":""},"class_list":["post-222","page","type-page","status-publish","hentry"],"yoast_head":"<!-- This site is optimized with the Yoast SEO Premium plugin v23.9 (Yoast SEO v27.4) - https:\/\/yoast.com\/product\/yoast-seo-premium-wordpress\/ -->\n<title>Blog - Experiencias Cle<\/title>\n<meta name=\"robots\" content=\"index, follow, max-snippet:-1, max-image-preview:large, max-video-preview:-1\" \/>\n<link rel=\"canonical\" href=\"https:\/\/experienciascle.com\/index.php\/blog\/\" \/>\n<meta property=\"og:locale\" content=\"en_US\" \/>\n<meta property=\"og:type\" content=\"article\" \/>\n<meta property=\"og:title\" content=\"Blog\" \/>\n<meta property=\"og:description\" content=\"Experiencias CLe:Tu Atelier para Vivir, Sentir y Disfrutar\" \/>\n<meta property=\"og:url\" content=\"https:\/\/experienciascle.com\/index.php\/blog\/\" \/>\n<meta property=\"og:site_name\" content=\"Experiencias Cle\" \/>\n<meta property=\"article:modified_time\" content=\"2024-12-09T18:33:36+00:00\" \/>\n<meta property=\"og:image\" content=\"https:\/\/experienciascle.com\/wp-content\/uploads\/2024\/12\/cropped-ExperienciasCle_Logo_Favicon.png\" \/>\n\t<meta property=\"og:image:width\" content=\"512\" \/>\n\t<meta property=\"og:image:height\" content=\"512\" \/>\n\t<meta property=\"og:image:type\" content=\"image\/png\" \/>\n<meta name=\"twitter:card\" content=\"summary_large_image\" \/>\n<meta name=\"twitter:label1\" content=\"Est. reading time\" \/>\n\t<meta name=\"twitter:data1\" content=\"1 minute\" \/>\n<script type=\"application\/ld+json\" class=\"yoast-schema-graph\">{\"@context\":\"https:\\\/\\\/schema.org\",\"@graph\":[{\"@type\":\"WebPage\",\"@id\":\"https:\\\/\\\/experienciascle.com\\\/index.php\\\/blog\\\/\",\"url\":\"https:\\\/\\\/experienciascle.com\\\/index.php\\\/blog\\\/\",\"name\":\"Blog - Experiencias Cle\",\"isPartOf\":{\"@id\":\"https:\\\/\\\/experienciascle.com\\\/#website\"},\"datePublished\":\"2023-12-20T05:46:44+00:00\",\"dateModified\":\"2024-12-09T18:33:36+00:00\",\"breadcrumb\":{\"@id\":\"https:\\\/\\\/experienciascle.com\\\/index.php\\\/blog\\\/#breadcrumb\"},\"inLanguage\":\"en-US\",\"potentialAction\":[{\"@type\":\"ReadAction\",\"target\":[\"https:\\\/\\\/experienciascle.com\\\/index.php\\\/blog\\\/\"]}]},{\"@type\":\"BreadcrumbList\",\"@id\":\"https:\\\/\\\/experienciascle.com\\\/index.php\\\/blog\\\/#breadcrumb\",\"itemListElement\":[{\"@type\":\"ListItem\",\"position\":1,\"name\":\"Home\",\"item\":\"https:\\\/\\\/experienciascle.com\\\/\"},{\"@type\":\"ListItem\",\"position\":2,\"name\":\"Blog\"}]},{\"@type\":\"WebSite\",\"@id\":\"https:\\\/\\\/experienciascle.com\\\/#website\",\"url\":\"https:\\\/\\\/experienciascle.com\\\/\",\"name\":\"Experiencias Cle\",\"description\":\"\",\"publisher\":{\"@id\":\"https:\\\/\\\/experienciascle.com\\\/#organization\"},\"alternateName\":\"Atelier de experiencias | m\u00e1s all\u00e1 de lo convencional\",\"potentialAction\":[{\"@type\":\"SearchAction\",\"target\":{\"@type\":\"EntryPoint\",\"urlTemplate\":\"https:\\\/\\\/experienciascle.com\\\/?s={search_term_string}\"},\"query-input\":{\"@type\":\"PropertyValueSpecification\",\"valueRequired\":true,\"valueName\":\"search_term_string\"}}],\"inLanguage\":\"en-US\"},{\"@type\":\"Organization\",\"@id\":\"https:\\\/\\\/experienciascle.com\\\/#organization\",\"name\":\"Experiencias Cle\",\"url\":\"https:\\\/\\\/experienciascle.com\\\/\",\"logo\":{\"@type\":\"ImageObject\",\"inLanguage\":\"en-US\",\"@id\":\"https:\\\/\\\/experienciascle.com\\\/#\\\/schema\\\/logo\\\/image\\\/\",\"url\":\"https:\\\/\\\/experienciascle.com\\\/wp-content\\\/uploads\\\/2024\\\/12\\\/cropped-ExperienciasCle_Logo_Favicon.png\",\"contentUrl\":\"https:\\\/\\\/experienciascle.com\\\/wp-content\\\/uploads\\\/2024\\\/12\\\/cropped-ExperienciasCle_Logo_Favicon.png\",\"width\":512,\"height\":512,\"caption\":\"Experiencias Cle\"},\"image\":{\"@id\":\"https:\\\/\\\/experienciascle.com\\\/#\\\/schema\\\/logo\\\/image\\\/\"}}]}<\/script>\n<!-- \/ Yoast SEO Premium plugin. -->","yoast_head_json":{"title":"Blog - Experiencias Cle","robots":{"index":"index","follow":"follow","max-snippet":"max-snippet:-1","max-image-preview":"max-image-preview:large","max-video-preview":"max-video-preview:-1"},"canonical":"https:\/\/experienciascle.com\/index.php\/blog\/","og_locale":"en_US","og_type":"article","og_title":"Blog","og_description":"Experiencias CLe:Tu Atelier para Vivir, Sentir y Disfrutar","og_url":"https:\/\/experienciascle.com\/index.php\/blog\/","og_site_name":"Experiencias Cle","article_modified_time":"2024-12-09T18:33:36+00:00","og_image":[{"width":512,"height":512,"url":"https:\/\/experienciascle.com\/wp-content\/uploads\/2024\/12\/cropped-ExperienciasCle_Logo_Favicon.png","type":"image\/png"}],"twitter_card":"summary_large_image","twitter_misc":{"Est. reading time":"1 minute"},"schema":{"@context":"https:\/\/schema.org","@graph":[{"@type":"WebPage","@id":"https:\/\/experienciascle.com\/index.php\/blog\/","url":"https:\/\/experienciascle.com\/index.php\/blog\/","name":"Blog - Experiencias Cle","isPartOf":{"@id":"https:\/\/experienciascle.com\/#website"},"datePublished":"2023-12-20T05:46:44+00:00","dateModified":"2024-12-09T18:33:36+00:00","breadcrumb":{"@id":"https:\/\/experienciascle.com\/index.php\/blog\/#breadcrumb"},"inLanguage":"en-US","potentialAction":[{"@type":"ReadAction","target":["https:\/\/experienciascle.com\/index.php\/blog\/"]}]},{"@type":"BreadcrumbList","@id":"https:\/\/experienciascle.com\/index.php\/blog\/#breadcrumb","itemListElement":[{"@type":"ListItem","position":1,"name":"Home","item":"https:\/\/experienciascle.com\/"},{"@type":"ListItem","position":2,"name":"Blog"}]},{"@type":"WebSite","@id":"https:\/\/experienciascle.com\/#website","url":"https:\/\/experienciascle.com\/","name":"Experiencias Cle","description":"","publisher":{"@id":"https:\/\/experienciascle.com\/#organization"},"alternateName":"Atelier de experiencias | m\u00e1s all\u00e1 de lo convencional","potentialAction":[{"@type":"SearchAction","target":{"@type":"EntryPoint","urlTemplate":"https:\/\/experienciascle.com\/?s={search_term_string}"},"query-input":{"@type":"PropertyValueSpecification","valueRequired":true,"valueName":"search_term_string"}}],"inLanguage":"en-US"},{"@type":"Organization","@id":"https:\/\/experienciascle.com\/#organization","name":"Experiencias Cle","url":"https:\/\/experienciascle.com\/","logo":{"@type":"ImageObject","inLanguage":"en-US","@id":"https:\/\/experienciascle.com\/#\/schema\/logo\/image\/","url":"https:\/\/experienciascle.com\/wp-content\/uploads\/2024\/12\/cropped-ExperienciasCle_Logo_Favicon.png","contentUrl":"https:\/\/experienciascle.com\/wp-content\/uploads\/2024\/12\/cropped-ExperienciasCle_Logo_Favicon.png","width":512,"height":512,"caption":"Experiencias Cle"},"image":{"@id":"https:\/\/experienciascle.com\/#\/schema\/logo\/image\/"}}]}},"_links":{"self":[{"href":"https:\/\/experienciascle.com\/index.php\/wp-json\/wp\/v2\/pages\/222","targetHints":{"allow":["GET"]}}],"collection":[{"href":"https:\/\/experienciascle.com\/index.php\/wp-json\/wp\/v2\/pages"}],"about":[{"href":"https:\/\/experienciascle.com\/index.php\/wp-json\/wp\/v2\/types\/page"}],"author":[{"embeddable":true,"href":"https:\/\/experienciascle.com\/index.php\/wp-json\/wp\/v2\/users\/1"}],"replies":[{"embeddable":true,"href":"https:\/\/experienciascle.com\/index.php\/wp-json\/wp\/v2\/comments?post=222"}],"version-history":[{"count":19,"href":"https:\/\/experienciascle.com\/index.php\/wp-json\/wp\/v2\/pages\/222\/revisions"}],"predecessor-version":[{"id":551,"href":"https:\/\/experienciascle.com\/index.php\/wp-json\/wp\/v2\/pages\/222\/revisions\/551"}],"wp:attachment":[{"href":"https:\/\/experienciascle.com\/index.php\/wp-json\/wp\/v2\/media?parent=222"}],"curies":[{"name":"wp","href":"https:\/\/api.w.org\/{rel}","templated":true}]}}